{"id":193,"date":"2025-01-22T10:28:06","date_gmt":"2025-01-22T09:28:06","guid":{"rendered":"https:\/\/multiform3d.com\/?post_type=product&#038;p=193"},"modified":"2025-01-22T11:47:43","modified_gmt":"2025-01-22T10:47:43","slug":"don-1e","status":"publish","type":"product","link":"https:\/\/multiform3d.com\/?product=don-1e","title":{"rendered":"Don 1\u20ac"},"content":{"rendered":"<p>Aidez-nous \u00e0 transformer nos id\u00e9es en r\u00e9alit\u00e9 en soutenant le d\u00e9veloppement de Multiform3D \u00e0 travers un don !<\/p>\n<p>Votre don servira aux d\u00e9veloppement de nouveaux mod\u00e8les, \u00e0 l&rsquo;\u00e9criture d&rsquo;articles, aux tournages de vid\u00e9os et au d\u00e9veloppement du site.<\/p>\n<p>Votre soutien est une source de motivation incroyable et nous permet de continuer \u00e0 d\u00e9velopper <strong>Multiform3D<\/strong> pour que vous, les cr\u00e9ateurs, puissiez repousser les limites de l&rsquo;impossible.<\/p>\n<p>Merci d&rsquo;\u00eatre \u00e0 nos c\u00f4t\u00e9s dans cette belle aventure !<\/p>\n<p>(PS : Chaque don vous rapproche un peu plus de nouvelles fonctionnalit\u00e9s et d\u2019une plateforme toujours plus adapt\u00e9e \u00e0 vos projets. Merci infiniment !)<\/p>\n","protected":false},"excerpt":{"rendered":"<p>Soutenez le d\u00e9veloppement de Multiform3D avec un don de 1\u20ac<\/p>\n","protected":false},"featured_media":194,"template":"","meta":[],"product_brand":[],"product_cat":[19],"product_tag":[],"class_list":{"0":"post-193","1":"product","2":"type-product","3":"status-publish","4":"has-post-thumbnail","6":"product_cat-non-classe","8":"entry","9":"has-media","11":"first","12":"instock","13":"virtual","14":"purchasable","15":"product-type-simple","16":"has-product-nav","17":"col","18":"span_1_of_3","19":"owp-content-center","20":"owp-thumbs-layout-horizontal","21":"owp-btn-normal","22":"owp-tabs-layout-horizontal","23":"has-no-thumbnails"},"_links":{"self":[{"href":"https:\/\/multiform3d.com\/index.php?rest_route=\/wp\/v2\/product\/193","targetHints":{"allow":["GET"]}}],"collection":[{"href":"https:\/\/multiform3d.com\/index.php?rest_route=\/wp\/v2\/product"}],"about":[{"href":"https:\/\/multiform3d.com\/index.php?rest_route=\/wp\/v2\/types\/product"}],"wp:featuredmedia":[{"embeddable":true,"href":"https:\/\/multiform3d.com\/index.php?rest_route=\/wp\/v2\/media\/194"}],"wp:attachment":[{"href":"https:\/\/multiform3d.com\/index.php?rest_route=%2Fwp%2Fv2%2Fmedia&parent=193"}],"wp:term":[{"taxonomy":"product_brand","embeddable":true,"href":"https:\/\/multiform3d.com\/index.php?rest_route=%2Fwp%2Fv2%2Fproduct_brand&post=193"},{"taxonomy":"product_cat","embeddable":true,"href":"https:\/\/multiform3d.com\/index.php?rest_route=%2Fwp%2Fv2%2Fproduct_cat&post=193"},{"taxonomy":"product_tag","embeddable":true,"href":"https:\/\/multiform3d.com\/index.php?rest_route=%2Fwp%2Fv2%2Fproduct_tag&post=193"}],"curies":[{"name":"wp","href":"https:\/\/api.w.org\/{rel}","templated":true}]}}